{"id":27257640,"date":"2025-12-17T14:02:20","date_gmt":"2025-12-17T19:02:20","guid":{"rendered":"https:\/\/cancun100.com\/?post_type=product&#038;p=27257640"},"modified":"2025-12-17T14:02:22","modified_gmt":"2025-12-17T19:02:22","slug":"entrada-xelha-light-nacional","status":"publish","type":"product","link":"https:\/\/cancun100.com\/en\/tours\/entrada-xelha-light-nacional\/","title":{"rendered":"Entrada Xel-H\u00e1 Light Nacional"},"content":{"rendered":"<h2>Entrada Xel-H\u00e1 Light Nacional<\/h2>\n<p>Con este acceso Light tienes la posibilidad de disfrutar la <strong>caleta de aguas turquesa<\/strong>, zonas de nado, miradores y \u00e1reas de descanso en un entorno natural controlado, operado por <strong>Xperiencias Xcaret.<\/strong><\/p>\n<h2>Qu\u00e9 incluye la Entrada Xel-H\u00e1 Light Nacional<\/h2>\n<p>Las inclusiones exactas pueden variar seg\u00fan pol\u00edticas de Xperiencias Xcaret. De forma general, la modalidad Light suele considerar:<\/p>\n<ul>\n<li>Entrada al parque Xel-H\u00e1 en el horario de operaci\u00f3n (8:30 a.m. a 6:00 p.m. aprox.).<\/li>\n<li>Acceso a la caleta, r\u00edos y \u00e1reas naturales abiertas al p\u00fablico.<\/li>\n<li>Uso de regaderas, vestidores y servicios generales.<\/li>\n<\/ul>\n<h2>Qu\u00e9 no incluye<\/h2>\n<ul>\n<li>Plan de <strong>alimentos buffet ilimitados<\/strong>.<\/li>\n<li>Bebidas ilimitadas (alcoh\u00f3licas y no alcoh\u00f3licas).<\/li>\n<li>Actividades opcionales con costo extra (nado con delfines, snuba, etc.).<\/li>\n<li>Transporte desde tu hotel al parque Xel-H\u00e1.<\/li>\n<li>Fotos, souvenirs y gastos personales.<\/li>\n<\/ul>\n<h2>Informaci\u00f3n importante<\/h2>\n<h3>Restricciones<\/h3>\n<ul>\n<li>Algunas actividades acu\u00e1ticas no son recomendadas para embarazadas o personas con problemas card\u00edacos, de espalda o movilidad reducida.<\/li>\n<\/ul>\n<h3>Qu\u00e9 llevar<\/h3>\n<ul>\n<li>Ropa c\u00f3moda, traje de ba\u00f1o y una muda extra de ropa seca.<\/li>\n<li>Sandalias o calzado acu\u00e1tico.<\/li>\n<li>Bloqueador solar y repelente <strong>biodegradables<\/strong>.<\/li>\n<li>Toalla personal.<\/li>\n<li>Efectivo o tarjeta para alimentos, bebidas y actividades dentro del parque.<\/li>\n<\/ul>\n","protected":false},"excerpt":{"rendered":"<p><strong>Entrada Xel-H\u00e1 Light Nacional \u2013 Opci\u00f3n econ\u00f3mica al parque natural Xel-H\u00e1 para mexicanos.<\/strong><\/p>\n<p>Disfruta el parque natural Xel-H\u00e1 con una <strong>entrada Light para nacionales<\/strong>, ideal si quieres acceso al parque y sus \u00e1reas acu\u00e1ticas a un precio m\u00e1s econ\u00f3mico que el plan todo incluido.<\/p>\n<p><em>Aprovecha tu tarifa nacional con Xperiencias Xcaret y reserva con Cancun100.<\/em><\/p>\n","protected":false},"featured_media":27257644,"comment_status":"open","ping_status":"closed","template":"","meta":[],"product_brand":[119],"product_cat":[189],"product_tag":[591,590,589,588],"class_list":{"0":"post-27257640","1":"product","2":"type-product","3":"status-publish","4":"has-post-thumbnail","6":"product_brand-experiencias-xcaret","7":"product_cat-familias-ninos","8":"product_tag-entrada-xel-ha-light-nacional","9":"product_tag-entrada-xelha-light-nacional","10":"product_tag-xel-ha-light-nacional","11":"product_tag-xelha-light-nacional","13":"first","14":"instock","15":"virtual","16":"sold-individually","17":"purchasable","18":"product-type-booking"},"booking_location":"","booking_location_type":"","booking_duration":1,"booking_duration_unit":"day","booking_buffer":0,"booking_cost":0,"booking_resources":[],"yoast_head":"<!-- This site is optimized with the Yoast SEO Premium plugin v27.4 (Yoast SEO v27.5) - https:\/\/yoast.com\/product\/yoast-seo-premium-wordpress\/ -->\n<title>Entrada Xel-H\u00e1 Light Nacional<\/title>\n<meta name=\"description\" content=\"Entrada Xel-H\u00e1 Light Nacional: acceso econ\u00f3mico al parque natural Xel-H\u00e1 para mexicanos. Precio desde $1,000 MXN. Opci\u00f3n sin todo incluido ni transporte. Reserva con Cancun100.\" \/>\n<meta name=\"robots\" content=\"index, follow, max-snippet:-1, max-image-preview:large, max-video-preview:-1\" \/>\n<link rel=\"canonical\" href=\"https:\/\/cancun100.com\/en\/tours\/entrada-xelha-light-nacional\/\" \/>\n<meta property=\"og:locale\" content=\"en_US\" \/>\n<meta property=\"og:type\" content=\"article\" \/>\n<meta property=\"og:title\" content=\"Entrada Xel-H\u00e1 Light Nacional\" \/>\n<meta property=\"og:description\" content=\"Entrada Xel-H\u00e1 Light Nacional: acceso econ\u00f3mico al parque natural Xel-H\u00e1 para mexicanos. Precio desde $1,000 MXN. Opci\u00f3n sin todo incluido ni transporte. Reserva con Cancun100.\" \/>\n<meta property=\"og:url\" content=\"https:\/\/cancun100.com\/en\/tours\/entrada-xelha-light-nacional\/\" \/>\n<meta property=\"og:site_name\" content=\"Tours en Cancun: \u00a1Reserva las Mejores Experiencias, Promociones, Descuentos y Ofertas! | Cancun100\" \/>\n<meta property=\"article:publisher\" content=\"https:\/\/www.facebook.com\/cancun100.site\" \/>\n<meta property=\"article:modified_time\" content=\"2025-12-17T19:02:22+00:00\" \/>\n<meta property=\"og:image\" content=\"https:\/\/cancun100.com\/wp-content\/uploads\/michelle5-2.webp\" \/>\n\t<meta property=\"og:image:width\" content=\"1080\" \/>\n\t<meta property=\"og:image:height\" content=\"1080\" \/>\n\t<meta property=\"og:image:type\" content=\"image\/png\" \/>\n<meta name=\"twitter:card\" content=\"summary_large_image\" \/>\n<meta name=\"twitter:site\" content=\"@cancuncien\" \/>\n<meta name=\"twitter:label1\" content=\"Est. reading time\" \/>\n\t<meta name=\"twitter:data1\" content=\"2 minutes\" \/>\n<!-- \/ Yoast SEO Premium plugin. -->","yoast_head_json":{"title":"Entrada Xel-H\u00e1 Light Nacional","description":"Entrada Xel-H\u00e1 Light Nacional: acceso econ\u00f3mico al parque natural Xel-H\u00e1 para mexicanos. Precio desde $1,000 MXN. Opci\u00f3n sin todo incluido ni transporte. Reserva con Cancun100.","robots":{"index":"index","follow":"follow","max-snippet":"max-snippet:-1","max-image-preview":"max-image-preview:large","max-video-preview":"max-video-preview:-1"},"canonical":"https:\/\/cancun100.com\/en\/tours\/entrada-xelha-light-nacional\/","og_locale":"en_US","og_type":"article","og_title":"Entrada Xel-H\u00e1 Light Nacional","og_description":"Entrada Xel-H\u00e1 Light Nacional: acceso econ\u00f3mico al parque natural Xel-H\u00e1 para mexicanos. Precio desde $1,000 MXN. Opci\u00f3n sin todo incluido ni transporte. Reserva con Cancun100.","og_url":"https:\/\/cancun100.com\/en\/tours\/entrada-xelha-light-nacional\/","og_site_name":"Tours en Cancun: \u00a1Reserva las Mejores Experiencias, Promociones, Descuentos y Ofertas! | Cancun100","article_publisher":"https:\/\/www.facebook.com\/cancun100.site","article_modified_time":"2025-12-17T19:02:22+00:00","og_image":[{"width":1080,"height":1080,"url":"https:\/\/cancun100.com\/wp-content\/uploads\/michelle5-2.webp","type":"image\/png"}],"twitter_card":"summary_large_image","twitter_site":"@cancuncien","twitter_misc":{"Est. reading time":"2 minutes"},"schema":{"@context":"https:\/\/schema.org","@graph":[{"@type":"WebPage","@id":"https:\/\/cancun100.com\/en\/tours\/entrada-xelha-light-nacional\/","url":"https:\/\/cancun100.com\/en\/tours\/entrada-xelha-light-nacional\/","name":"Entrada Xel-H\u00e1 Light Nacional","isPartOf":{"@id":"https:\/\/cancun100.com\/en\/#website"},"primaryImageOfPage":{"@id":"https:\/\/cancun100.com\/en\/tours\/entrada-xelha-light-nacional\/#primaryimage"},"image":{"@id":"https:\/\/cancun100.com\/en\/tours\/entrada-xelha-light-nacional\/#primaryimage"},"thumbnailUrl":"https:\/\/cancun100.com\/wp-content\/uploads\/michelle5-2.webp","datePublished":"2025-12-17T19:02:20+00:00","dateModified":"2025-12-17T19:02:22+00:00","description":"Entrada Xel-H\u00e1 Light Nacional: acceso econ\u00f3mico al parque natural Xel-H\u00e1 para mexicanos. Precio desde $1,000 MXN. Opci\u00f3n sin todo incluido ni transporte. Reserva con Cancun100.","breadcrumb":{"@id":"https:\/\/cancun100.com\/en\/tours\/entrada-xelha-light-nacional\/#breadcrumb"},"inLanguage":"en-US","potentialAction":[{"@type":"ReadAction","target":["https:\/\/cancun100.com\/en\/tours\/entrada-xelha-light-nacional\/"]}]},{"@type":"ImageObject","inLanguage":"en-US","@id":"https:\/\/cancun100.com\/en\/tours\/entrada-xelha-light-nacional\/#primaryimage","url":"https:\/\/cancun100.com\/wp-content\/uploads\/michelle5-2.webp","contentUrl":"https:\/\/cancun100.com\/wp-content\/uploads\/michelle5-2.webp","width":1080,"height":1080},{"@type":"BreadcrumbList","@id":"https:\/\/cancun100.com\/en\/tours\/entrada-xelha-light-nacional\/#breadcrumb","itemListElement":[{"@type":"ListItem","position":1,"name":"Home","item":"https:\/\/cancun100.com\/en\/"},{"@type":"ListItem","position":2,"name":"Todos los Tours y Actividades en Canc\u00fan","item":"https:\/\/cancun100.com\/tours\/"},{"@type":"ListItem","position":3,"name":"Entrada Xel-H\u00e1 Light Nacional"}]},{"@type":"WebSite","@id":"https:\/\/cancun100.com\/en\/#website","url":"https:\/\/cancun100.com\/en\/","name":"Tours en Cancun: \u00a1Reserva las Mejores Experiencias, Promociones, Descuentos y Ofertas! | Cancun100","description":"Tours en Cancun Todo Incluido - Descubre y reserva los mejores tours y actividades en Canc\u00fan \u00a1Garantiza tu lugar al mejor precio! Paquetes Econ\u00f3micos, Promociones y Ofertas en Actividades, Paseos y Hoteles Todo Incluido, Cancun, Playa del Carmen, Tulum y la Riviera Maya.","alternateName":"Cancun 100","potentialAction":[{"@type":"SearchAction","target":{"@type":"EntryPoint","urlTemplate":"https:\/\/cancun100.com\/en\/?s={search_term_string}"},"query-input":{"@type":"PropertyValueSpecification","valueRequired":true,"valueName":"search_term_string"}}],"inLanguage":"en-US"}]}},"_links":{"self":[{"href":"https:\/\/cancun100.com\/en\/wp-json\/wp\/v2\/product\/27257640","targetHints":{"allow":["GET"]}}],"collection":[{"href":"https:\/\/cancun100.com\/en\/wp-json\/wp\/v2\/product"}],"about":[{"href":"https:\/\/cancun100.com\/en\/wp-json\/wp\/v2\/types\/product"}],"replies":[{"embeddable":true,"href":"https:\/\/cancun100.com\/en\/wp-json\/wp\/v2\/comments?post=27257640"}],"version-history":[{"count":0,"href":"https:\/\/cancun100.com\/en\/wp-json\/wp\/v2\/product\/27257640\/revisions"}],"wp:featuredmedia":[{"embeddable":true,"href":"https:\/\/cancun100.com\/en\/wp-json\/wp\/v2\/media\/27257644"}],"wp:attachment":[{"href":"https:\/\/cancun100.com\/en\/wp-json\/wp\/v2\/media?parent=27257640"}],"wp:term":[{"taxonomy":"product_brand","embeddable":true,"href":"https:\/\/cancun100.com\/en\/wp-json\/wp\/v2\/product_brand?post=27257640"},{"taxonomy":"product_cat","embeddable":true,"href":"https:\/\/cancun100.com\/en\/wp-json\/wp\/v2\/product_cat?post=27257640"},{"taxonomy":"product_tag","embeddable":true,"href":"https:\/\/cancun100.com\/en\/wp-json\/wp\/v2\/product_tag?post=27257640"}],"curies":[{"name":"wp","href":"https:\/\/api.w.org\/{rel}","templated":true}]}}